{"id":842,"date":"2022-02-03T00:27:35","date_gmt":"2022-02-03T03:27:35","guid":{"rendered":"https:\/\/jornadasggo.com.br\/?page_id=842"},"modified":"2025-05-02T16:13:09","modified_gmt":"2025-05-02T19:13:09","slug":"comissao","status":"publish","type":"page","link":"https:\/\/jornadasggo.com.br\/2025\/comissao\/","title":{"rendered":"Comiss\u00e3o"},"content":{"rendered":"\t\t<div data-elementor-type=\"wp-page\" data-elementor-id=\"842\" class=\"elementor elementor-842\">\n\t\t\t\t\t\t<section class=\"elementor-section elementor-top-section elementor-element elementor-element-492cee7c elementor-section-height-min-height elementor-section-boxed elementor-section-height-default elementor-section-items-middle\" data-id=\"492cee7c\" data-element_type=\"section\" data-e-type=\"section\" data-settings=\"{&quot;background_background&quot;:&quot;classic&quot;}\">\n\t\t\t\t\t\t\t<div class=\"elementor-background-overlay\"><\/div>\n\t\t\t\t\t\t\t<div class=\"elementor-container elementor-column-gap-default\">\n\t\t\t\t\t<div class=\"elementor-column elementor-col-100 elementor-top-column elementor-element elementor-element-4f561d4d\" data-id=\"4f561d4d\" data-element_type=\"column\" data-e-type=\"column\">\n\t\t\t<div class=\"elementor-widget-wrap elementor-element-populated\">\n\t\t\t\t\t\t<div class=\"elementor-element elementor-element-5d2f7fa6 animated-slow elementor-invisible elementor-widget elementor-widget-theme-post-title elementor-page-title elementor-widget-heading\" data-id=\"5d2f7fa6\" data-element_type=\"widget\" data-e-type=\"widget\" data-settings=\"{&quot;_animation&quot;:&quot;fadeInDown&quot;}\" data-widget_type=\"theme-post-title.default\">\n\t\t\t\t<div class=\"elementor-widget-container\">\n\t\t\t\t\t<h1 class=\"elementor-heading-title elementor-size-default\">Comiss\u00e3o<\/h1>\t\t\t\t<\/div>\n\t\t\t\t<\/div>\n\t\t\t\t\t<\/div>\n\t\t<\/div>\n\t\t\t\t\t<\/div>\n\t\t<\/section>\n\t\t\t\t<section class=\"elementor-section elementor-top-section elementor-element elementor-element-1e5776eb elementor-section-boxed elementor-section-height-default elementor-section-height-default\" data-id=\"1e5776eb\" data-element_type=\"section\" data-e-type=\"section\">\n\t\t\t\t\t\t<div class=\"elementor-container elementor-column-gap-default\">\n\t\t\t\t\t<div class=\"elementor-column elementor-col-33 elementor-top-column elementor-element elementor-element-7703d9f\" data-id=\"7703d9f\" data-element_type=\"column\" data-e-type=\"column\">\n\t\t\t<div class=\"elementor-widget-wrap elementor-element-populated\">\n\t\t\t\t\t\t<div class=\"elementor-element elementor-element-9225968 elementor-widget elementor-widget-elementskit-team\" data-id=\"9225968\" data-element_type=\"widget\" data-e-type=\"widget\" data-widget_type=\"elementskit-team.default\">\n\t\t\t\t<div class=\"elementor-widget-container\">\n\t\t\t\t\t<div class=\"ekit-wid-con\">\t\t\t\t\t\t\t\t\n\t\t<div class=\"profile-card elementor-animation- text-center ekit-team-style-default\">\n\t\t\t\n\t\t\t\t<div class=\"profile-header ekit-team-img ekit-img-overlay ekit-team-img-block\" >\n\t\t\t\t\t\t\t\t\t<\/div><!-- .profile-header END -->\n\t\t\t\n\n\t\t\t\t<div class=\"profile-body\">\n\t\t\t\t\t\n\t\t\t\t\t<h2 class=\"profile-title\">\n\t\t\t\t\t\t\t\t\t\t\tAlexandre Vieira Santos Moraes\t\t\t\t\t\t\t\t\t\t<\/h2>\n\t\t\t\t\t<p class=\"profile-designation\">Presidente da Jornada e do Congresso<\/p>\n\t\t\t\t\t\t\t\t\t<\/div><!-- .profile-body END -->\n\n\t\t\t\t\t\t\t\t<\/div>\n\t\t\t\t\t\t\t\n\t\t\t\n\t\t\t\t<\/div>\t\t\t\t<\/div>\n\t\t\t\t<\/div>\n\t\t\t\t\t<\/div>\n\t\t<\/div>\n\t\t\t\t<div class=\"elementor-column elementor-col-33 elementor-top-column elementor-element elementor-element-16f6ed9b\" data-id=\"16f6ed9b\" data-element_type=\"column\" data-e-type=\"column\">\n\t\t\t<div class=\"elementor-widget-wrap\">\n\t\t\t\t\t\t\t<\/div>\n\t\t<\/div>\n\t\t\t\t<div class=\"elementor-column elementor-col-33 elementor-top-column elementor-element elementor-element-637d024a\" data-id=\"637d024a\" data-element_type=\"column\" data-e-type=\"column\">\n\t\t\t<div class=\"elementor-widget-wrap elementor-element-populated\">\n\t\t\t\t\t\t<div class=\"elementor-element elementor-element-60f6ef95 elementor-widget elementor-widget-elementskit-team\" data-id=\"60f6ef95\" data-element_type=\"widget\" data-e-type=\"widget\" data-widget_type=\"elementskit-team.default\">\n\t\t\t\t<div class=\"elementor-widget-container\">\n\t\t\t\t\t<div class=\"ekit-wid-con\">\t\t\t\t\t\t\t\t\n\t\t<div class=\"profile-card elementor-animation- text-center ekit-team-style-default\">\n\t\t\t\n\t\t\t\t<div class=\"profile-header ekit-team-img ekit-img-overlay ekit-team-img-block\" >\n\t\t\t\t\t\t\t\t\t<\/div><!-- .profile-header END -->\n\t\t\t\n\n\t\t\t\t<div class=\"profile-body\">\n\t\t\t\t\t\n\t\t\t\t\t<h2 class=\"profile-title\">\n\t\t\t\t\t\t\t\t\t\t\tEDUARDO CAMELO DE CASTRO \t\t\t\t\t\t\t\t\t\t<\/h2>\n\t\t\t\t\t<p class=\"profile-designation\">Diretor Cient\u00edfico<\/p>\n\t\t\t\t\t\t\t\t\t<\/div><!-- .profile-body END -->\n\n\t\t\t\t\t\t\t\t<\/div>\n\t\t\t\t\t\t\t\n\t\t\t\n\t\t\t\t<\/div>\t\t\t\t<\/div>\n\t\t\t\t<\/div>\n\t\t\t\t\t<\/div>\n\t\t<\/div>\n\t\t\t\t\t<\/div>\n\t\t<\/section>\n\t\t\t\t<section class=\"elementor-section elementor-top-section elementor-element elementor-element-f5bf544 elementor-section-boxed elementor-section-height-default elementor-section-height-default\" data-id=\"f5bf544\" data-element_type=\"section\" data-e-type=\"section\">\n\t\t\t\t\t\t<div class=\"elementor-container elementor-column-gap-default\">\n\t\t\t\t\t<div class=\"elementor-column elementor-col-33 elementor-top-column elementor-element elementor-element-c82c566\" data-id=\"c82c566\" data-element_type=\"column\" data-e-type=\"column\">\n\t\t\t<div class=\"elementor-widget-wrap elementor-element-populated\">\n\t\t\t\t\t\t<div class=\"elementor-element elementor-element-41190b4 elementor-widget elementor-widget-text-editor\" data-id=\"41190b4\" data-element_type=\"widget\" data-e-type=\"widget\" data-widget_type=\"text-editor.default\">\n\t\t\t\t<div class=\"elementor-widget-container\">\n\t\t\t\t\t\t\t\t\t<p><strong>Comiss\u00e3o Cient\u00edfica de Ginecologia<\/strong> <br \/><strong>Coordenador:<\/strong> Eduardo Santos Lopes Pontes<\/p>\t\t\t\t\t\t\t\t<\/div>\n\t\t\t\t<\/div>\n\t\t\t\t<div class=\"elementor-element elementor-element-5dff54d elementor-widget elementor-widget-text-editor\" data-id=\"5dff54d\" data-element_type=\"widget\" data-e-type=\"widget\" data-widget_type=\"text-editor.default\">\n\t\t\t\t<div class=\"elementor-widget-container\">\n\t\t\t\t\t\t\t\t\t<p>Membros:<\/p><p>\u2022 \u00c9LIO CAETANO DE ASSIS<br \/>\u2022 JUAREZ ANT\u00d4NIO DE SOUSA<br \/>\u2022 J\u00daLIO EDUARDO FERRO<br \/>\u2022 JOICE MARTINS DE LIMA PEREIRA<br \/>\u2022 NAT\u00c1LIA LACERDA DE ASSIS<br \/>\u2022 ROSICLEIA DE VLIEGER<br \/>\u2022 ELIANE DA SILVA RIBEIRO<\/p>\t\t\t\t\t\t\t\t<\/div>\n\t\t\t\t<\/div>\n\t\t\t\t\t<\/div>\n\t\t<\/div>\n\t\t\t\t<div class=\"elementor-column elementor-col-33 elementor-top-column elementor-element elementor-element-965b135\" data-id=\"965b135\" data-element_type=\"column\" data-e-type=\"column\">\n\t\t\t<div class=\"elementor-widget-wrap elementor-element-populated\">\n\t\t\t\t\t\t<div class=\"elementor-element elementor-element-d620ae0 elementor-widget elementor-widget-text-editor\" data-id=\"d620ae0\" data-element_type=\"widget\" data-e-type=\"widget\" data-widget_type=\"text-editor.default\">\n\t\t\t\t<div class=\"elementor-widget-container\">\n\t\t\t\t\t\t\t\t\t<p><strong>Comiss\u00e3o Cient\u00edfica de Obstetr\u00edcia<\/strong> <br \/><strong>Coordenador: Reisson Serafim Cruz<\/strong><\/p>\t\t\t\t\t\t\t\t<\/div>\n\t\t\t\t<\/div>\n\t\t\t\t<div class=\"elementor-element elementor-element-6862fdc elementor-widget elementor-widget-text-editor\" data-id=\"6862fdc\" data-element_type=\"widget\" data-e-type=\"widget\" data-widget_type=\"text-editor.default\">\n\t\t\t\t<div class=\"elementor-widget-container\">\n\t\t\t\t\t\t\t\t\t<p>Membros:<\/p><p>\u2022 AFFONSO HONORATO DA SILVA E SOUZA<br \/>\u2022 JESSICA ALENCAR<br \/>\u2022 LUIZA EMYLCE PEL\u00c1 ROSADO<br \/>\u2022 MARCELO CUPERTINO<br \/>\u2022 MAURICIO MACHADO DA SILVEIRA<br \/>\u2022 MOHAMED KASSEM SAIDAH<br \/>\u2022 THIAGO GARCIA FREIRE<br \/>\u2022 WASHINGTON FERREIRA RIO<br \/>\u2022 WILSON ARANTES<\/p>\t\t\t\t\t\t\t\t<\/div>\n\t\t\t\t<\/div>\n\t\t\t\t\t<\/div>\n\t\t<\/div>\n\t\t\t\t<div class=\"elementor-column elementor-col-33 elementor-top-column elementor-element elementor-element-a44aadf\" data-id=\"a44aadf\" data-element_type=\"column\" data-e-type=\"column\">\n\t\t\t<div class=\"elementor-widget-wrap elementor-element-populated\">\n\t\t\t\t\t\t<div class=\"elementor-element elementor-element-67a0319 elementor-widget elementor-widget-text-editor\" data-id=\"67a0319\" data-element_type=\"widget\" data-e-type=\"widget\" data-widget_type=\"text-editor.default\">\n\t\t\t\t<div class=\"elementor-widget-container\">\n\t\t\t\t\t\t\t\t\t<p><strong>Comiss\u00e3o de Temas Livres<\/strong><br><strong>Coordenador: <\/strong>Juarez Ant\u00f4nio de Sousa<\/p>\t\t\t\t\t\t\t\t<\/div>\n\t\t\t\t<\/div>\n\t\t\t\t<div class=\"elementor-element elementor-element-cd79354 elementor-widget elementor-widget-text-editor\" data-id=\"cd79354\" data-element_type=\"widget\" data-e-type=\"widget\" data-widget_type=\"text-editor.default\">\n\t\t\t\t<div class=\"elementor-widget-container\">\n\t\t\t\t\t\t\t\t\t<p>Membro:<\/p><p>\u2022 TARIK KASSEM SAIDAH<br \/>\u2022 ARY WANDERLEY DE CARVALHO JUNIOR<br \/>\u2022 DEJAN RODRIGUES NONATO<\/p>\t\t\t\t\t\t\t\t<\/div>\n\t\t\t\t<\/div>\n\t\t\t\t\t<\/div>\n\t\t<\/div>\n\t\t\t\t\t<\/div>\n\t\t<\/section>\n\t\t\t\t<\/div>\n\t\t","protected":false},"excerpt":{"rendered":"<p>Alexandre Vieira Santos Moraes Presidente da Jornada e do Congresso EDUARDO CAMELO DE CASTRO Diretor Cient\u00edfico Comiss\u00e3o Cient\u00edfica de Ginecologia Coordenador: Eduardo Santos Lopes Pontes Membros: \u2022 \u00c9LIO CAETANO DE ASSIS\u2022 JUAREZ ANT\u00d4NIO DE SOUSA\u2022 J\u00daLIO EDUARDO FERRO\u2022 JOICE MARTINS DE LIMA PEREIRA\u2022 NAT\u00c1LIA LACERDA DE ASSIS\u2022 ROSICLEIA DE VLIEGER\u2022 ELIANE DA SILVA RIBEIRO Comiss\u00e3o [&hellip;]<\/p>\n","protected":false},"author":1,"featured_media":0,"parent":0,"menu_order":0,"comment_status":"closed","ping_status":"closed","template":"elementor_header_footer","meta":{"footnotes":""},"class_list":["post-842","page","type-page","status-publish","hentry"],"aioseo_notices":[],"_links":{"self":[{"href":"https:\/\/jornadasggo.com.br\/2025\/wp-json\/wp\/v2\/pages\/842","targetHints":{"allow":["GET"]}}],"collection":[{"href":"https:\/\/jornadasggo.com.br\/2025\/wp-json\/wp\/v2\/pages"}],"about":[{"href":"https:\/\/jornadasggo.com.br\/2025\/wp-json\/wp\/v2\/types\/page"}],"author":[{"embeddable":true,"href":"https:\/\/jornadasggo.com.br\/2025\/wp-json\/wp\/v2\/users\/1"}],"replies":[{"embeddable":true,"href":"https:\/\/jornadasggo.com.br\/2025\/wp-json\/wp\/v2\/comments?post=842"}],"version-history":[{"count":61,"href":"https:\/\/jornadasggo.com.br\/2025\/wp-json\/wp\/v2\/pages\/842\/revisions"}],"predecessor-version":[{"id":2529,"href":"https:\/\/jornadasggo.com.br\/2025\/wp-json\/wp\/v2\/pages\/842\/revisions\/2529"}],"wp:attachment":[{"href":"https:\/\/jornadasggo.com.br\/2025\/wp-json\/wp\/v2\/media?parent=842"}],"curies":[{"name":"wp","href":"https:\/\/api.w.org\/{rel}","templated":true}]}}