{"id":30,"date":"2021-10-08T06:48:24","date_gmt":"2021-10-08T09:48:24","guid":{"rendered":"https:\/\/jornadasggo.com.br\/?page_id=30"},"modified":"2025-10-04T06:00:49","modified_gmt":"2025-10-04T09:00:49","slug":"ginecologia","status":"publish","type":"page","link":"https:\/\/jornadasggo.com.br\/2025\/ginecologia\/","title":{"rendered":"Ginecologia"},"content":{"rendered":"\t\t<div data-elementor-type=\"wp-page\" data-elementor-id=\"30\" class=\"elementor elementor-30\">\n\t\t\t\t\t\t<section class=\"elementor-section elementor-top-section elementor-element elementor-element-69884527 elementor-section-height-min-height elementor-section-boxed elementor-section-height-default elementor-section-items-middle\" data-id=\"69884527\" data-element_type=\"section\" data-e-type=\"section\" data-settings=\"{&quot;background_background&quot;:&quot;classic&quot;}\">\n\t\t\t\t\t\t\t<div class=\"elementor-background-overlay\"><\/div>\n\t\t\t\t\t\t\t<div class=\"elementor-container elementor-column-gap-default\">\n\t\t\t\t\t<div class=\"elementor-column elementor-col-100 elementor-top-column elementor-element elementor-element-131a3964\" data-id=\"131a3964\" data-element_type=\"column\" data-e-type=\"column\">\n\t\t\t<div class=\"elementor-widget-wrap elementor-element-populated\">\n\t\t\t\t\t\t<div class=\"elementor-element elementor-element-3b2bfdd7 animated-slow elementor-invisible elementor-widget elementor-widget-theme-post-title elementor-page-title elementor-widget-heading\" data-id=\"3b2bfdd7\" data-element_type=\"widget\" data-e-type=\"widget\" data-settings=\"{&quot;_animation&quot;:&quot;fadeInDown&quot;}\" data-widget_type=\"theme-post-title.default\">\n\t\t\t\t<div class=\"elementor-widget-container\">\n\t\t\t\t\t<h1 class=\"elementor-heading-title elementor-size-default\">Ginecologia<\/h1>\t\t\t\t<\/div>\n\t\t\t\t<\/div>\n\t\t\t\t\t<\/div>\n\t\t<\/div>\n\t\t\t\t\t<\/div>\n\t\t<\/section>\n\t\t\t\t<section class=\"elementor-section elementor-top-section elementor-element elementor-element-beb47da elementor-section-boxed elementor-section-height-default elementor-section-height-default\" data-id=\"beb47da\" data-element_type=\"section\" data-e-type=\"section\">\n\t\t\t\t\t\t<div class=\"elementor-container elementor-column-gap-default\">\n\t\t\t\t\t<div class=\"elementor-column elementor-col-100 elementor-top-column elementor-element elementor-element-65ff8d2\" data-id=\"65ff8d2\" data-element_type=\"column\" data-e-type=\"column\">\n\t\t\t<div class=\"elementor-widget-wrap elementor-element-populated\">\n\t\t\t\t\t\t<div class=\"elementor-element elementor-element-da8653b elementor-tabs-alignment-stretch elementor-tabs-view-horizontal elementor-widget elementor-widget-tabs\" data-id=\"da8653b\" data-element_type=\"widget\" data-e-type=\"widget\" data-widget_type=\"tabs.default\">\n\t\t\t\t<div class=\"elementor-widget-container\">\n\t\t\t\t\t\t\t<div class=\"elementor-tabs\">\n\t\t\t<div class=\"elementor-tabs-wrapper\" role=\"tablist\" >\n\t\t\t\t\t\t\t\t\t<div id=\"elementor-tab-title-2291\" class=\"elementor-tab-title elementor-tab-desktop-title\" aria-selected=\"true\" data-tab=\"1\" role=\"tab\" tabindex=\"0\" aria-controls=\"elementor-tab-content-2291\" aria-expanded=\"false\">Quinta-feira, 02 de outubro<\/div>\n\t\t\t\t\t\t\t\t\t<div id=\"elementor-tab-title-2292\" class=\"elementor-tab-title elementor-tab-desktop-title\" aria-selected=\"false\" data-tab=\"2\" role=\"tab\" tabindex=\"-1\" aria-controls=\"elementor-tab-content-2292\" aria-expanded=\"false\">Sexta-feira, 03 de outubro<\/div>\n\t\t\t\t\t\t\t\t\t<div id=\"elementor-tab-title-2293\" class=\"elementor-tab-title elementor-tab-desktop-title\" aria-selected=\"false\" data-tab=\"3\" role=\"tab\" tabindex=\"-1\" aria-controls=\"elementor-tab-content-2293\" aria-expanded=\"false\">S\u00e1bado, 04 de outubro<\/div>\n\t\t\t\t\t\t\t<\/div>\n\t\t\t<div class=\"elementor-tabs-content-wrapper\" role=\"tablist\" aria-orientation=\"vertical\">\n\t\t\t\t\t\t\t\t\t<div class=\"elementor-tab-title elementor-tab-mobile-title\" aria-selected=\"true\" data-tab=\"1\" role=\"tab\" tabindex=\"0\" aria-controls=\"elementor-tab-content-2291\" aria-expanded=\"false\">Quinta-feira, 02 de outubro<\/div>\n\t\t\t\t\t<div id=\"elementor-tab-content-2291\" class=\"elementor-tab-content elementor-clearfix\" data-tab=\"1\" role=\"tabpanel\" aria-labelledby=\"elementor-tab-title-2291\" tabindex=\"0\" hidden=\"false\"><table><tbody><tr><td width=\"121\"><p><strong>18h00 \u00e0s 18h30<\/strong><\/p><\/td><td width=\"456\"><p><strong>SOLENIDADE DE ABERTURA OFICIAL <\/strong><\/p><\/td><\/tr><tr><td width=\"121\"><p><strong>18h30 \u2013 19h30<\/strong><\/p><\/td><td width=\"456\"><p><strong>SA\u00daDE DIGITAL APLICADA A GINECOLOGIA E OBSTETR\u00cdCIA <\/strong><\/p><p>Dr. Eduardo Cordioli \u2013 SP<\/p><\/td><\/tr><tr><td width=\"121\"><p><strong>19h30<\/strong><\/p><\/td><td width=\"456\"><p><strong>Coquetel<\/strong><\/p><\/td><\/tr><\/tbody><\/table><\/div>\n\t\t\t\t\t\t\t\t\t<div class=\"elementor-tab-title elementor-tab-mobile-title\" aria-selected=\"false\" data-tab=\"2\" role=\"tab\" tabindex=\"-1\" aria-controls=\"elementor-tab-content-2292\" aria-expanded=\"false\">Sexta-feira, 03 de outubro<\/div>\n\t\t\t\t\t<div id=\"elementor-tab-content-2292\" class=\"elementor-tab-content elementor-clearfix\" data-tab=\"2\" role=\"tabpanel\" aria-labelledby=\"elementor-tab-title-2292\" tabindex=\"0\" hidden=\"hidden\"><p>\u00a0<\/p><table width=\"612\"><tbody><tr><td width=\"121\"><strong>08h00 \u00e0s 09h20<\/strong><\/td><td width=\"491\"><p><b>MESA REDONDA: GINECOLOGIA END\u00d3CRINA<\/b><span style=\"font-size: 14.4px;\"><b><br \/><\/b><\/span><span style=\"font-size: 0.9em;\">Coordenador: Dr. Alexandre Vieira Santos Moraes \u2013 GO<\/span><\/p><p>Posicionamento do Conselho Federal de Medicina em rela\u00e7\u00e3o aos implantes hormonais<span style=\"font-size: 14.4px;\"><br \/><\/span><span style=\"font-size: 0.9em;\">Dr. Waldemar Naves do Amaral &#8211; GO<\/span><\/p><p>Terapia androg\u00eanica na mulher: quando e como?<span style=\"font-size: 14.4px;\"><br \/><\/span><span style=\"font-size: 0.9em;\">Dr. Jos\u00e9 Maria Soares Junior \u2013 SP<\/span><\/p><p>Dosagens Hormonais: quando solicitar?<span style=\"font-size: 14.4px;\"><br \/><\/span><span style=\"font-size: 0.9em;\">Dr. Jos\u00e9 Maria Soares Junior \u2013 SP<\/span><\/p><p>Discuss\u00e3o<\/p><\/td><\/tr><tr><td width=\"121\"><strong>09h20 \u00e0s 10h40<\/strong><\/td><td width=\"491\"><p><b>MESA REDONDA: CONTRACEP\u00c7\u00c3O<\/b><span style=\"font-size: 14.4px;\"><b><br \/><\/b><\/span><span style=\"font-size: 0.9em;\">Coordenadora: Dr\u00aa Nat\u00e1lia Lacerda de Assis &#8211; GO<\/span><\/p><p>O que fazer quando ocorre gravidez em usu\u00e1rias de DIU?<span style=\"font-size: 14.4px;\"><br \/><\/span><span style=\"font-size: 0.9em;\">Dr. Rog\u00e9rio Bonassi Machado \u2013 SP<\/span><\/p><p>Contracep\u00e7\u00e3o e terapia hormonal em paciente com Muta\u00e7\u00e3o BRCA \u00bd<span style=\"font-size: 14.4px;\"><br \/><\/span><span style=\"font-size: 0.9em;\">Dr. Marco Aur\u00e9lio Albernaz &#8211; GO<\/span><\/p><p>Crit\u00e9rios de elegibilidade em situa\u00e7\u00f5es especiais: no diabetes, LES, hemofilia, ap\u00f3s anticoagula\u00e7\u00e3o e Cirurgia Bari\u00e1trica<span style=\"font-size: 14.4px;\"><br \/><\/span><span style=\"font-size: 0.9em;\">Dr. Rog\u00e9rio Bonassi Machado \u2013 SP<\/span><\/p><p>Discuss\u00e3o<\/p><\/td><\/tr><tr><td width=\"121\"><strong>10h40 \u00e0s 11h00<\/strong><\/td><td width=\"491\"><strong>INTERVALO<\/strong><\/td><\/tr><tr><td width=\"121\"><strong>11h00 \u00e0s 11h40<\/strong><\/td><td width=\"491\"><strong>CONFER\u00caNCIA:<\/strong> NOVAS DIRETRIZES PARA PREVEN\u00c7\u00c3O DE C\u00c2NCER DO COLO UTERINO.<span style=\"font-size: 14.4px;\"><br \/><\/span><span style=\"font-size: 0.9em;\">Presidente: Dr. Glauco Cesar Felipe &#8211; GO<br \/><\/span><span style=\"font-size: 0.9em;\">Conferencista: Dr. Sebasti\u00e3o Alves Pinto \u2013 GO<\/span><\/td><\/tr><tr><td width=\"121\"><strong>11h40 \u00e0s 13h00<\/strong><\/td><td width=\"491\"><p><b>MESA REDONDA: \u00a0ENDOSCOPIA GINECOLOGICA<\/b><span style=\"font-size: 14.4px;\"><b><br \/><\/b><\/span><span style=\"font-size: 0.9em;\">Coordenador: Dr. Eduardo Santos Lopes Pontes \u2013 GO<\/span><\/p><p>Malforma\u00e7\u00f5es Mullerianas\u00a0 &#8211; Diagn\u00f3stico e Tratamento<span style=\"font-size: 14.4px;\"><br \/><\/span><span style=\"font-size: 0.9em;\">Dr. Reginaldo Guedes \u2013 SP<\/span><\/p><p>Sin\u00e9quias intrauterinas: preven\u00e7\u00e3o, diagn\u00f3stico e tratamento<span style=\"font-size: 14.4px;\"><br \/><\/span><span style=\"font-size: 0.9em;\">Dr. Thomas Miklos \u2013 SP<\/span><\/p><p>Tratamento histerosc\u00f3pico do mioma intramural tipo 2 e 3<span style=\"font-size: 14.4px;\"><br \/><\/span><span style=\"font-size: 0.9em;\">Dr. Reginaldo Guedes \u2013 SP<\/span><\/p><p>Discuss\u00e3o<\/p><\/td><\/tr><tr><td width=\"121\"><strong>13h00 \u00e0s 13h40<\/strong><\/td><td width=\"491\"><span style=\"font-size: 14.4px;\"><b>SIMP\u00d3SIO SAT\u00c9LITE LIBBS<br \/><\/b><\/span><b>Nextela: uma nova era na contracep\u00e7\u00e3o<br \/><\/b><b>Dr. Marco Aur\u00e9lio Albernaz &#8211; GO<\/b><\/td><\/tr><tr><td width=\"121\"><strong>14h00 \u00e0s 15h20<\/strong><\/td><td width=\"491\"><p><b>MESA REDONDA: INFERTILIDADE<\/b><span style=\"font-size: 14.4px;\"><b><br \/><\/b><\/span><span style=\"font-size: 0.9em;\">Coordenador: Dr. Eduardo Camelo de Castro\u2013 GO<\/span><\/p><p>Casal inf\u00e9rtil: proped\u00eautica atual<span style=\"font-size: 14.4px;\"><br \/><\/span><span style=\"font-size: 0.9em;\">Dr\u00aa In\u00eas Caterina Damasceno Cavallo Cruzeiro \u2013 MG<\/span><\/p><p>Infertilidade sem causa aparente ou diagn\u00f3stico insuficiente?<span style=\"font-size: 14.4px;\"><br \/><\/span><span style=\"font-size: 0.9em;\">Dr\u00aa Lizandra Moura Paravidine Sasak &#8211; DF<\/span><\/p><p>Endometrite: quando e como investigar e tratar<span style=\"font-size: 14.4px;\"><br \/><\/span><span style=\"font-size: 0.9em;\">Dr\u00aa Rivia Mara Lamaita \u2013 MG<\/span><\/p><p>Discuss\u00e3o<\/p><\/td><\/tr><tr><td width=\"121\"><strong>15h20 \u00e0s 15h50<\/strong><\/td><td width=\"491\"><strong>INTERVALO<\/strong><\/td><\/tr><tr><td width=\"121\"><strong>15h50 \u00e0s 17h10<\/strong><\/td><td width=\"491\"><p><b>MESA REDONDA:\u00a0 EST\u00c9TICA GENITAL e SEXUALIDADE<\/b><span style=\"font-size: 14.4px;\"><b><br \/><\/b><\/span><span style=\"font-size: 0.9em;\">Coordenadora: Dr\u00aa Sandra Portela Rezende &#8211; GO<\/span><\/p><p>Vaginismo e vulvodinia: o que h\u00e1 de novo na abordagem?<span style=\"font-size: 14.4px;\"><br \/><\/span><span style=\"font-size: 0.9em;\">Dr. Andr\u00e9 Marquez Cunha \u2013 GO<\/span><\/p><p>Tratamento desejo hipoativo: como diagnosticar e tratar?<span style=\"font-size: 14.4px;\"><br \/><\/span><span style=\"font-size: 0.9em;\">Dr\u00aa Sandra Scalco &#8211; SP<\/span><\/p><p>Cirurgia \u00edntima e est\u00e9tica genital: o que h\u00e1 de novo?<span style=\"font-size: 14.4px;\"><br \/><\/span><span style=\"font-size: 0.9em;\">Dr\u00aa Joice Martins Lima Pereira \u2013 GO<\/span><\/p><\/td><\/tr><tr><td width=\"121\"><strong>17h10 \u00e0s 17h50<\/strong><\/td><td width=\"491\"><strong>CONFER\u00caNCIA: TERAPIA HORMONAL DA MENOPAUSA: CONSENSO 2024.<span style=\"font-size: 14.4px;\"><br \/><\/span><\/strong><strong style=\"font-size: 0.9em;\">Presidente: <\/strong><span style=\"font-size: 0.9em;\">Dr\u00aa Rosicleia Vlieger \u2013 GO<br \/><\/span><strong style=\"font-size: 0.9em;\">Conferencista: <\/strong><span style=\"font-size: 0.9em;\">Dr\u00aa Marta Finotti &#8211; GO<\/span><\/td><\/tr><tr><td width=\"121\"><strong>17h50 \u00e0s 18h30<\/strong><\/td><td width=\"491\"><p><img decoding=\"async\" class=\"alignnone wp-image-2702\" src=\"https:\/\/jornadasggo.com.br\/2025\/wp-content\/uploads\/2025\/10\/WhatsApp-Image-2025-10-02-at-07.55.34-1-300x117.jpeg\" alt=\"\" width=\"236\" height=\"92\" srcset=\"https:\/\/jornadasggo.com.br\/2025\/wp-content\/uploads\/2025\/10\/WhatsApp-Image-2025-10-02-at-07.55.34-1-300x117.jpeg 300w, https:\/\/jornadasggo.com.br\/2025\/wp-content\/uploads\/2025\/10\/WhatsApp-Image-2025-10-02-at-07.55.34-1.jpeg 640w\" sizes=\"(max-width: 236px) 100vw, 236px\" \/>\u00a0<\/p><p><strong><span style=\"font-size: 14.4px;\">Mulheres que inspiram: Dilair de Faria e Vasconcelos<\/span><\/strong><\/p><p><span style=\"font-size: 14.4px;\">Dr\u00aa Marta Finotti<\/span><\/p><\/td><\/tr><\/tbody><\/table><\/div>\n\t\t\t\t\t\t\t\t\t<div class=\"elementor-tab-title elementor-tab-mobile-title\" aria-selected=\"false\" data-tab=\"3\" role=\"tab\" tabindex=\"-1\" aria-controls=\"elementor-tab-content-2293\" aria-expanded=\"false\">S\u00e1bado, 04 de outubro<\/div>\n\t\t\t\t\t<div id=\"elementor-tab-content-2293\" class=\"elementor-tab-content elementor-clearfix\" data-tab=\"3\" role=\"tabpanel\" aria-labelledby=\"elementor-tab-title-2293\" tabindex=\"0\" hidden=\"hidden\"><table>\n<tbody>\n<tr>\n<td width=\"121\">\n<p><strong>08h00 \u00e0s 09h20<\/strong><\/p>\n<\/td>\n<td width=\"456\">\n<p><b>MESA REDONDA: MASTOLOGIA<\/b><span style=\"font-size: 14.4px;\"><b><br><\/b><\/span><span style=\"font-size: 0.9em;\">Coordenador: Dr. Humberto Carlos Borges \u2013 GO<\/span><\/p>\n<p>C\u00e2ncer de Mama heredit\u00e1rio: o que devemos saber?<span style=\"font-size: 14.4px;\"><br><\/span><span style=\"font-size: 0.9em;\">Dr. <\/span><span style=\"font-size: 12.96px;\">D\u00e9lio Marques Conde<\/span><span style=\"font-size: 0.9em;\">&nbsp;\u2013 GO<\/span><\/p>\n<p>Screening do C\u00e2ncer de Mama: o que h\u00e1 de novo?<span style=\"font-size: 14.4px;\"><br><\/span><span style=\"font-size: 0.9em;\">Dr. Rog\u00e9rio Bizinoto Ferreira- GO<\/span><\/p>\n<p>Oncoplastia: um outro olhar no resultado em cirurgias de mama<span style=\"font-size: 14.4px;\"><br><\/span><span style=\"font-size: 0.9em;\">Dr. Juarez Ant\u00f4nio de Sousa &#8211; GO<br><br>Discuss\u00e3o<\/span><\/p>\n<\/td>\n<\/tr>\n<tr>\n<td width=\"121\">\n<p><strong>09h20 \u00e0s 10h40<\/strong><\/p>\n<\/td>\n<td width=\"456\">\n<p><b>MESA REDONDA: CIRURGIA GINECOL\u00d3GICA \/ UROGINECOLOGIA<\/b><span style=\"font-size: 14.4px;\"><b><br><\/b><\/span><\/p>\n<h6><span style=\"font-size: 0.9em;\">Coordenadora: Dr\u00aa Eliane Ribeiro \u2013&nbsp; GO<\/span><\/h6>\n<p><\/p>\n<h6>Manejo conservador atual do mioma uterino<br><span style=\"font-size: 0.9em; color: inherit; font-family: inherit;\">Dr. Thomas Miklos \u2013 SP&nbsp;&nbsp;<\/span><\/h6>\n<p><\/p>\n<h5>\n<\/h5>\n<h6><span style=\"font-size: 0.9em;\">Incontin\u00eancia urin\u00e1ria \u2013 tratamento cir\u00fargico x conservador<br><\/span><span style=\"font-size: 0.9em; color: inherit; font-family: inherit;\">Dr. Paulo Feldner \u2013 SP&nbsp; &nbsp;<br><\/span><span style=\"font-size: 0.9em; color: inherit; font-family: inherit;\"><br>Les\u00f5es ovarianas: quando intervir?<br><\/span><span style=\"font-size: 0.9em; color: inherit; font-family: inherit;\">Dr. S\u00e9rgio Podgaec \u2013 SP<\/span><p><\/p>\n<p><span style=\"font-size: 0.9em;\"><br>Discuss\u00e3o<\/span><\/p>\n<\/h6>\n<\/td>\n<\/tr>\n<tr>\n<td width=\"121\">\n<p><strong>10h40 \u00e0s 11h00<\/strong><\/p>\n<\/td>\n<td width=\"456\">\n<p><strong>INTERVALO <\/strong><\/p>\n<\/td>\n<\/tr>\n<tr>\n<td width=\"121\">\n<p><strong>11h00 \u00e0s 12h20<\/strong><\/p>\n<\/td>\n<td width=\"456\">\n<p><b>MESA REDONDA: ONCOLOGIA GINECOL\u00d3GICA E ROB\u00d3TICA<\/b><span style=\"font-size: 14.4px;\"><b><br><\/b><\/span><span style=\"font-size: 0.9em;\">Coordenador: Dr. Julio Eduardo Ferro \u2013 GO<\/span><\/p>\n<p><\/p>\n<p>Futuro reprodutivo em pacientes com c\u00e2ncer ginecol\u00f3gico e diretrizes da ESGO, ESHRE e ESGE.<span style=\"font-size: 14.4px;\"><br><\/span><span style=\"font-size: 0.9em;\">Dr\u00aa Rivia Mara Lamaita \u2013 MG&nbsp;&nbsp;<\/span><\/p>\n<p>Rela\u00e7\u00e3o entre endometriose e c\u00e2ncer &#8211; o que sabemos at\u00e9 agora?<span style=\"font-size: 14.4px;\"><br><\/span><span style=\"font-size: 0.9em;\">Dr. S\u00e9rgio Podgaec \u2013 SP<\/span><\/p>\n<p>Fatores progn\u00f3sticos do C\u00e2ncer de Endom\u00e9trio<span style=\"font-size: 14.4px;\"><br><\/span><span style=\"font-size: 0.9em;\">Dr\u00aa Raissa Veiga Gir\u00e3o Colichio \u2013 SP<br><br>Discuss\u00e3o<\/span><\/p>\n<\/td>\n<\/tr>\n<tr>\n<td width=\"121\">\n<p><strong>12h30<\/strong><\/p>\n<\/td>\n<td width=\"456\">\n<p><b>Encerramento&nbsp; e Entrega de Pr\u00eamios dos Trabalhos Cient\u00edficos<\/b><br><b>FEIJOADA NO CASA BELLA EVENTOS<\/b><br><span style=\"font-size: 14.4px;\"><b>Avenida T-2 &#8211; Quadra 02 &#8211; Lote 39 &#8211; Setor Bueno&nbsp; (em frente ao Col\u00e9gio Bandeirantes).<\/b><\/span><\/p>\n<p><strong><br><\/strong><\/p>\n<\/td>\n<\/tr>\n<\/tbody>\n<\/table><\/div>\n\t\t\t\t\t\t\t<\/div>\n\t\t<\/div>\n\t\t\t\t\t\t<\/div>\n\t\t\t\t<\/div>\n\t\t\t\t\t<\/div>\n\t\t<\/div>\n\t\t\t\t\t<\/div>\n\t\t<\/section>\n\t\t\t\t<\/div>\n\t\t","protected":false},"excerpt":{"rendered":"<p>Quinta-feira, 02 de outubro Sexta-feira, 03 de outubro S\u00e1bado, 04 de outubro Quinta-feira, 02 de outubro 18h00 \u00e0s 18h30 SOLENIDADE DE ABERTURA OFICIAL 18h30 \u2013 19h30 SA\u00daDE DIGITAL APLICADA A GINECOLOGIA E OBSTETR\u00cdCIA Dr. Eduardo Cordioli \u2013 SP 19h30 Coquetel Sexta-feira, 03 de outubro \u00a0 08h00 \u00e0s 09h20 MESA REDONDA: GINECOLOGIA END\u00d3CRINACoordenador: Dr. Alexandre Vieira [&hellip;]<\/p>\n","protected":false},"author":1,"featured_media":0,"parent":0,"menu_order":0,"comment_status":"closed","ping_status":"closed","template":"elementor_header_footer","meta":{"footnotes":""},"class_list":["post-30","page","type-page","status-publish","hentry"],"aioseo_notices":[],"_links":{"self":[{"href":"https:\/\/jornadasggo.com.br\/2025\/wp-json\/wp\/v2\/pages\/30","targetHints":{"allow":["GET"]}}],"collection":[{"href":"https:\/\/jornadasggo.com.br\/2025\/wp-json\/wp\/v2\/pages"}],"about":[{"href":"https:\/\/jornadasggo.com.br\/2025\/wp-json\/wp\/v2\/types\/page"}],"author":[{"embeddable":true,"href":"https:\/\/jornadasggo.com.br\/2025\/wp-json\/wp\/v2\/users\/1"}],"replies":[{"embeddable":true,"href":"https:\/\/jornadasggo.com.br\/2025\/wp-json\/wp\/v2\/comments?post=30"}],"version-history":[{"count":310,"href":"https:\/\/jornadasggo.com.br\/2025\/wp-json\/wp\/v2\/pages\/30\/revisions"}],"predecessor-version":[{"id":2719,"href":"https:\/\/jornadasggo.com.br\/2025\/wp-json\/wp\/v2\/pages\/30\/revisions\/2719"}],"wp:attachment":[{"href":"https:\/\/jornadasggo.com.br\/2025\/wp-json\/wp\/v2\/media?parent=30"}],"curies":[{"name":"wp","href":"https:\/\/api.w.org\/{rel}","templated":true}]}}