{"id":28,"date":"2021-10-08T06:48:03","date_gmt":"2021-10-08T09:48:03","guid":{"rendered":"https:\/\/jornadasggo.com.br\/?page_id=28"},"modified":"2025-03-25T18:09:44","modified_gmt":"2025-03-25T21:09:44","slug":"o-evento","status":"publish","type":"page","link":"https:\/\/jornadasggo.com.br\/2025\/o-evento\/","title":{"rendered":"O Evento"},"content":{"rendered":"\t\t<div data-elementor-type=\"wp-page\" data-elementor-id=\"28\" class=\"elementor elementor-28\">\n\t\t\t\t\t\t<section class=\"elementor-section elementor-top-section elementor-element elementor-element-fc15cfe elementor-section-height-min-height elementor-section-boxed elementor-section-height-default elementor-section-items-middle\" data-id=\"fc15cfe\" data-element_type=\"section\" data-e-type=\"section\" data-settings=\"{&quot;background_background&quot;:&quot;classic&quot;}\">\n\t\t\t\t\t\t\t<div class=\"elementor-background-overlay\"><\/div>\n\t\t\t\t\t\t\t<div class=\"elementor-container elementor-column-gap-default\">\n\t\t\t\t\t<div class=\"elementor-column elementor-col-100 elementor-top-column elementor-element elementor-element-f961710\" data-id=\"f961710\" data-element_type=\"column\" data-e-type=\"column\">\n\t\t\t<div class=\"elementor-widget-wrap elementor-element-populated\">\n\t\t\t\t\t\t<div class=\"elementor-element elementor-element-2b78023 animated-slow elementor-invisible elementor-widget elementor-widget-theme-post-title elementor-page-title elementor-widget-heading\" data-id=\"2b78023\" data-element_type=\"widget\" data-e-type=\"widget\" data-settings=\"{&quot;_animation&quot;:&quot;fadeInDown&quot;}\" data-widget_type=\"theme-post-title.default\">\n\t\t\t\t<div class=\"elementor-widget-container\">\n\t\t\t\t\t<h1 class=\"elementor-heading-title elementor-size-default\">O Evento<\/h1>\t\t\t\t<\/div>\n\t\t\t\t<\/div>\n\t\t\t\t\t<\/div>\n\t\t<\/div>\n\t\t\t\t\t<\/div>\n\t\t<\/section>\n\t\t\t\t<section class=\"elementor-section elementor-top-section elementor-element elementor-element-a2d8983 elementor-reverse-mobile elementor-section-boxed elementor-section-height-default elementor-section-height-default\" data-id=\"a2d8983\" data-element_type=\"section\" data-e-type=\"section\" data-settings=\"{&quot;background_background&quot;:&quot;classic&quot;}\">\n\t\t\t\t\t\t<div class=\"elementor-container elementor-column-gap-default\">\n\t\t\t\t\t<div class=\"elementor-column elementor-col-100 elementor-top-column elementor-element elementor-element-2378b0e\" data-id=\"2378b0e\" data-element_type=\"column\" data-e-type=\"column\">\n\t\t\t<div class=\"elementor-widget-wrap elementor-element-populated\">\n\t\t\t\t\t\t<div class=\"elementor-element elementor-element-5d9afa6 elementor-widget elementor-widget-text-editor\" data-id=\"5d9afa6\" data-element_type=\"widget\" data-e-type=\"widget\" data-widget_type=\"text-editor.default\">\n\t\t\t\t<div class=\"elementor-widget-container\">\n\t\t\t\t\t\t\t\t\t<p>Caros colegas,<\/p><p>A Medicina est\u00e1 em constante evolu\u00e7\u00e3o, e com ela, nossa forma de cuidar, compreender e atender \u00e0s necessidades da mulher tamb\u00e9m se transforma. A 49\u00aa Jornada Goiana de Ginecologia e Obstetr\u00edcia chega em 2025 com um convite especial: olhar para a sa\u00fade da mulher com uma nova mentalidade e novos cuidados.<\/p><p>Este ano, nosso encontro acontecer\u00e1 de 2 a 4 de outubro, no Hotel Transamerica Collection, em Goi\u00e2nia. Tradicionalmente realizada no primeiro semestre, nossa Jornada vem em uma nova data, mas com o mesmo prop\u00f3sito de sempre: ser um espa\u00e7o de troca, aprendizado e conex\u00e3o.<\/p><p>A cada consulta, a cada parto, a cada decis\u00e3o cl\u00ednica, sabemos que n\u00e3o estamos lidando apenas com diagn\u00f3sticos e protocolos, mas com hist\u00f3rias de vida, sonhos e expectativas. A ci\u00eancia nos guia, e o olhar atento e humano nos torna m\u00e9dicos mais completos. A Jornada 2025 ser\u00e1 um marco para discutirmos os avan\u00e7os tecnol\u00f3gicos, desafios e inova\u00e7\u00f5es na assist\u00eancia ginecol\u00f3gica e obst\u00e9trica, sempre com o compromisso de oferecer o melhor cuidado poss\u00edvel.<\/p><p>A programa\u00e7\u00e3o cient\u00edfica trar\u00e1 temas essenciais para o futuro da nossa especialidade, contando com a presen\u00e7a de grandes nomes da Ginecologia e Obstetr\u00edcia. Mais do que um evento, ser\u00e1 uma oportunidade para nos reconectarmos com aquilo que nos move: o compromisso com a sa\u00fade da mulher.<\/p><p>Reserve esta data. Vamos juntos construir um novo olhar para o presente e o futuro da Ginecologia e Obstetr\u00edcia.<\/p>\t\t\t\t\t\t\t\t<\/div>\n\t\t\t\t<\/div>\n\t\t\t\t<section class=\"elementor-section elementor-inner-section elementor-element elementor-element-ff5637d elementor-section-boxed elementor-section-height-default elementor-section-height-default\" data-id=\"ff5637d\" data-element_type=\"section\" data-e-type=\"section\">\n\t\t\t\t\t\t<div class=\"elementor-container elementor-column-gap-default\">\n\t\t\t\t\t<div class=\"elementor-column elementor-col-33 elementor-inner-column elementor-element elementor-element-b3881a2\" data-id=\"b3881a2\" data-element_type=\"column\" data-e-type=\"column\">\n\t\t\t<div class=\"elementor-widget-wrap elementor-element-populated\">\n\t\t\t\t\t\t<div class=\"elementor-element elementor-element-b340bff elementor-position-left elementor-vertical-align-top elementor-widget elementor-widget-image-box\" data-id=\"b340bff\" data-element_type=\"widget\" data-e-type=\"widget\" data-widget_type=\"image-box.default\">\n\t\t\t\t<div class=\"elementor-widget-container\">\n\t\t\t\t\t<div class=\"elementor-image-box-wrapper\"><figure class=\"elementor-image-box-img\"><img decoding=\"async\" src=\"https:\/\/jornadasggo.com.br\/2025\/wp-content\/uploads\/elementor\/thumbs\/Presidente-q2913i9so0tjzj0yk6xwn9ewe3ksdu9r55k2pkwjxk.jpeg\" title=\"\" alt=\"\" loading=\"lazy\" \/><\/figure><div class=\"elementor-image-box-content\"><h3 class=\"elementor-image-box-title\">Dr. Alexandre Vieira Santos Moraes<\/h3><p class=\"elementor-image-box-description\">Presidente da Sociedade Goiana de Ginecologia e Obstetr\u00edcia (SGGO) Presidente da 49\u00aa Jornada Goiana de Ginecologia e Obstetr\u00edcia<\/p><\/div><\/div>\t\t\t\t<\/div>\n\t\t\t\t<\/div>\n\t\t\t\t\t<\/div>\n\t\t<\/div>\n\t\t\t\t<div class=\"elementor-column elementor-col-33 elementor-inner-column elementor-element elementor-element-d7df25a\" data-id=\"d7df25a\" data-element_type=\"column\" data-e-type=\"column\">\n\t\t\t<div class=\"elementor-widget-wrap\">\n\t\t\t\t\t\t\t<\/div>\n\t\t<\/div>\n\t\t\t\t<div class=\"elementor-column elementor-col-33 elementor-inner-column elementor-element elementor-element-6a1bcf9\" data-id=\"6a1bcf9\" data-element_type=\"column\" data-e-type=\"column\">\n\t\t\t<div class=\"elementor-widget-wrap\">\n\t\t\t\t\t\t\t<\/div>\n\t\t<\/div>\n\t\t\t\t\t<\/div>\n\t\t<\/section>\n\t\t\t\t\t<\/div>\n\t\t<\/div>\n\t\t\t\t\t<\/div>\n\t\t<\/section>\n\t\t\t\t<\/div>\n\t\t","protected":false},"excerpt":{"rendered":"<p>Caros colegas, A Medicina est\u00e1 em constante evolu\u00e7\u00e3o, e com ela, nossa forma de cuidar, compreender e atender \u00e0s necessidades da mulher tamb\u00e9m se transforma. A 49\u00aa Jornada Goiana de Ginecologia e Obstetr\u00edcia chega em 2025 com um convite especial: olhar para a sa\u00fade da mulher com uma nova mentalidade e novos cuidados. Este ano, [&hellip;]<\/p>\n","protected":false},"author":1,"featured_media":0,"parent":0,"menu_order":0,"comment_status":"closed","ping_status":"closed","template":"elementor_header_footer","meta":{"footnotes":""},"class_list":["post-28","page","type-page","status-publish","hentry"],"aioseo_notices":[],"_links":{"self":[{"href":"https:\/\/jornadasggo.com.br\/2025\/wp-json\/wp\/v2\/pages\/28","targetHints":{"allow":["GET"]}}],"collection":[{"href":"https:\/\/jornadasggo.com.br\/2025\/wp-json\/wp\/v2\/pages"}],"about":[{"href":"https:\/\/jornadasggo.com.br\/2025\/wp-json\/wp\/v2\/types\/page"}],"author":[{"embeddable":true,"href":"https:\/\/jornadasggo.com.br\/2025\/wp-json\/wp\/v2\/users\/1"}],"replies":[{"embeddable":true,"href":"https:\/\/jornadasggo.com.br\/2025\/wp-json\/wp\/v2\/comments?post=28"}],"version-history":[{"count":51,"href":"https:\/\/jornadasggo.com.br\/2025\/wp-json\/wp\/v2\/pages\/28\/revisions"}],"predecessor-version":[{"id":2505,"href":"https:\/\/jornadasggo.com.br\/2025\/wp-json\/wp\/v2\/pages\/28\/revisions\/2505"}],"wp:attachment":[{"href":"https:\/\/jornadasggo.com.br\/2025\/wp-json\/wp\/v2\/media?parent=28"}],"curies":[{"name":"wp","href":"https:\/\/api.w.org\/{rel}","templated":true}]}}