{"id":1007,"date":"2022-04-14T13:25:41","date_gmt":"2022-04-14T16:25:41","guid":{"rendered":"https:\/\/jornadasggo.com.br\/?page_id=1007"},"modified":"2025-10-04T06:02:22","modified_gmt":"2025-10-04T09:02:22","slug":"obstetricia","status":"publish","type":"page","link":"https:\/\/jornadasggo.com.br\/2025\/obstetricia\/","title":{"rendered":"Obstetr\u00edcia"},"content":{"rendered":"\t\t<div data-elementor-type=\"wp-page\" data-elementor-id=\"1007\" class=\"elementor elementor-1007\">\n\t\t\t\t\t\t<section class=\"elementor-section elementor-top-section elementor-element elementor-element-78c9bd8d elementor-section-height-min-height elementor-section-boxed elementor-section-height-default elementor-section-items-middle\" data-id=\"78c9bd8d\" data-element_type=\"section\" data-e-type=\"section\" data-settings=\"{&quot;background_background&quot;:&quot;classic&quot;}\">\n\t\t\t\t\t\t\t<div class=\"elementor-background-overlay\"><\/div>\n\t\t\t\t\t\t\t<div class=\"elementor-container elementor-column-gap-default\">\n\t\t\t\t\t<div class=\"elementor-column elementor-col-100 elementor-top-column elementor-element elementor-element-d746ff0\" data-id=\"d746ff0\" data-element_type=\"column\" data-e-type=\"column\">\n\t\t\t<div class=\"elementor-widget-wrap elementor-element-populated\">\n\t\t\t\t\t\t<div class=\"elementor-element elementor-element-395a78cd animated-slow elementor-invisible elementor-widget elementor-widget-theme-post-title elementor-page-title elementor-widget-heading\" data-id=\"395a78cd\" data-element_type=\"widget\" data-e-type=\"widget\" data-settings=\"{&quot;_animation&quot;:&quot;fadeInDown&quot;}\" data-widget_type=\"theme-post-title.default\">\n\t\t\t\t<div class=\"elementor-widget-container\">\n\t\t\t\t\t<h1 class=\"elementor-heading-title elementor-size-default\">Obstetr\u00edcia<\/h1>\t\t\t\t<\/div>\n\t\t\t\t<\/div>\n\t\t\t\t\t<\/div>\n\t\t<\/div>\n\t\t\t\t\t<\/div>\n\t\t<\/section>\n\t\t\t\t<section class=\"elementor-section elementor-top-section elementor-element elementor-element-9b87728 elementor-section-boxed elementor-section-height-default elementor-section-height-default\" data-id=\"9b87728\" data-element_type=\"section\" data-e-type=\"section\">\n\t\t\t\t\t\t<div class=\"elementor-container elementor-column-gap-default\">\n\t\t\t\t\t<div class=\"elementor-column elementor-col-100 elementor-top-column elementor-element elementor-element-5134e82\" data-id=\"5134e82\" data-element_type=\"column\" data-e-type=\"column\">\n\t\t\t<div class=\"elementor-widget-wrap elementor-element-populated\">\n\t\t\t\t\t\t<div class=\"elementor-element elementor-element-17d81f9 elementor-tabs-alignment-stretch elementor-tabs-view-horizontal elementor-widget elementor-widget-tabs\" data-id=\"17d81f9\" data-element_type=\"widget\" data-e-type=\"widget\" data-widget_type=\"tabs.default\">\n\t\t\t\t<div class=\"elementor-widget-container\">\n\t\t\t\t\t\t\t<div class=\"elementor-tabs\">\n\t\t\t<div class=\"elementor-tabs-wrapper\" role=\"tablist\" >\n\t\t\t\t\t\t\t\t\t<div id=\"elementor-tab-title-2501\" class=\"elementor-tab-title elementor-tab-desktop-title\" aria-selected=\"true\" data-tab=\"1\" role=\"tab\" tabindex=\"0\" aria-controls=\"elementor-tab-content-2501\" aria-expanded=\"false\">Quinta-feira, 02 de outubro<\/div>\n\t\t\t\t\t\t\t\t\t<div id=\"elementor-tab-title-2502\" class=\"elementor-tab-title elementor-tab-desktop-title\" aria-selected=\"false\" data-tab=\"2\" role=\"tab\" tabindex=\"-1\" aria-controls=\"elementor-tab-content-2502\" aria-expanded=\"false\">Sexta-feira, 03 de outubro<\/div>\n\t\t\t\t\t\t\t\t\t<div id=\"elementor-tab-title-2503\" class=\"elementor-tab-title elementor-tab-desktop-title\" aria-selected=\"false\" data-tab=\"3\" role=\"tab\" tabindex=\"-1\" aria-controls=\"elementor-tab-content-2503\" aria-expanded=\"false\">S\u00e1bado, 04 de outubro<\/div>\n\t\t\t\t\t\t\t<\/div>\n\t\t\t<div class=\"elementor-tabs-content-wrapper\" role=\"tablist\" aria-orientation=\"vertical\">\n\t\t\t\t\t\t\t\t\t<div class=\"elementor-tab-title elementor-tab-mobile-title\" aria-selected=\"true\" data-tab=\"1\" role=\"tab\" tabindex=\"0\" aria-controls=\"elementor-tab-content-2501\" aria-expanded=\"false\">Quinta-feira, 02 de outubro<\/div>\n\t\t\t\t\t<div id=\"elementor-tab-content-2501\" class=\"elementor-tab-content elementor-clearfix\" data-tab=\"1\" role=\"tabpanel\" aria-labelledby=\"elementor-tab-title-2501\" tabindex=\"0\" hidden=\"false\"><table><tbody><tr><td width=\"121\"><p><strong>18h00 \u00e0s 18h30<\/strong><\/p><\/td><td width=\"456\"><p><strong>SOLENIDADE DE ABERTURA OFICIAL <\/strong><\/p><\/td><\/tr><tr><td width=\"121\"><p><strong>18h30 \u2013 19h30<\/strong><\/p><\/td><td width=\"456\"><p><strong>SA\u00daDE DIGITAL APLICADA A GINECOLOGIA E OBSTETR\u00cdCIA <\/strong><\/p><p>Dr. Eduardo Cordioli \u2013 SP<\/p><\/td><\/tr><tr><td width=\"121\"><p><strong>19h30<\/strong><\/p><\/td><td width=\"456\"><p><strong>Coquetel<\/strong><\/p><\/td><\/tr><\/tbody><\/table><\/div>\n\t\t\t\t\t\t\t\t\t<div class=\"elementor-tab-title elementor-tab-mobile-title\" aria-selected=\"false\" data-tab=\"2\" role=\"tab\" tabindex=\"-1\" aria-controls=\"elementor-tab-content-2502\" aria-expanded=\"false\">Sexta-feira, 03 de outubro<\/div>\n\t\t\t\t\t<div id=\"elementor-tab-content-2502\" class=\"elementor-tab-content elementor-clearfix\" data-tab=\"2\" role=\"tabpanel\" aria-labelledby=\"elementor-tab-title-2502\" tabindex=\"0\" hidden=\"hidden\"><table>\n<tbody>\n<tr>\n<td width=\"121\">\n<p><strong>07h00 \u00e0s 08h00<\/strong><\/p>\n<\/td>\n<td width=\"456\">\n<p><strong>ASSEMBL\u00c9IA GERAL ORDIN\u00c1RIA<\/strong><\/p>\n<p><strong>a) Presta\u00e7\u00e3o e aprova\u00e7\u00e3o de contas da Diretoria &#8211; Exerc\u00edcios 2024\/2025 (Estatuto, art. 8\u00b0 al\u00ednea \u201ca\u201d)<\/strong><\/p>\n<p><strong>b) Outros assuntos de interesse.<\/strong><\/p>\n<\/td>\n<\/tr>\n<tr>\n<td width=\"121\">\n<p><strong>08h00 \u00e0s 09h20<\/strong><\/p>\n<\/td>\n<td width=\"456\">\n<p><b>MESA REDONDA: INTERCORR\u00caNCIAS CL\u00cdNICAS NA GESTA\u00c7\u00c3O<\/b><span style=\"font-size: 14.4px;\"><b><br><\/b><\/span><span style=\"background-color: transparent; font-size: 0.9em;\">Coordenador: &nbsp;Dr. Affonso Honorato &#8211; GO<\/span><\/p>\n<p>Infec\u00e7\u00e3o Urin\u00e1ria na gesta\u00e7\u00e3o: Diagn\u00f3stico e tratamento<span style=\"font-size: 14.4px;\"><br><\/span><span style=\"font-size: 0.9em;\">Dr. Washington Luiz Rios \u2013 GO<\/span><\/p>\n<p>Hiperemese grav\u00eddica: diagn\u00f3stico e conduta<span style=\"font-size: 14.4px;\"><br><\/span><span style=\"font-size: 0.9em;\">Dr. Romulo Negrini \u2013 SP<\/span><\/p>\n<p>Infec\u00e7\u00e3o das Vias A\u00e9reas: como conduzir?<span style=\"font-size: 14.4px;\"><br><\/span><span style=\"font-size: 0.9em;\">Dr. Marcelo Rabahi \u2013 GO<br><br>Discuss\u00e3o<\/span><\/p>\n<\/td>\n<\/tr>\n<tr>\n<td width=\"121\">\n<p><strong>09h20 \u00e0s 10h40<\/strong><\/p>\n<\/td>\n<td width=\"456\">\n<p><b>MESA REDONDA: ASSIST\u00caNCIA AO ABORTAMENTO<\/b><span style=\"font-size: 14.4px;\"><b><br><\/b><\/span><span style=\"font-size: 0.9em;\">Coordenador: Dr. Jonny Rodrigues Barbosa &#8211; GO<\/span><\/p>\n<p>Manejo nas trombofilias<span style=\"font-size: 14.4px;\"><br><\/span><span style=\"font-size: 0.9em;\">Dr\u00aa Regina Biasoli &#8211; SP<\/span><\/p>\n<p>Conduta terap\u00eautica no abortamento recorrente<span style=\"font-size: 14.4px;\"><br><\/span><span style=\"font-size: 0.9em;\">Dr\u00aa In\u00eas Caterina Damasceno Cavallo Cruzeiro \u2013 MG<\/span><\/p>\n<p>Quando solicitar a avalia\u00e7\u00e3o gen\u00e9tica do produto do abortamento?<span style=\"font-size: 14.4px;\"><br><\/span><span style=\"font-size: 0.9em;\">Dr. Ciro Martinhago \u2013 SP<br><br>Discuss\u00e3o<\/span><\/p>\n<\/td>\n<\/tr>\n<tr>\n<td width=\"121\">\n<p><strong>10h40 \u00e0s 11h00<\/strong><\/p>\n<\/td>\n<td width=\"456\">\n<p><strong>INTERVALO<\/strong><\/p>\n<\/td>\n<\/tr>\n<tr>\n<td width=\"121\">\n<p><strong>11h00 \u00e0s 11h40<\/strong><\/p>\n<\/td>\n<td width=\"456\">\n<p>CONFER\u00caNCIA: <strong>ABORTAMENTO LEGAL: COMO GARANTIR O ACESSO<\/strong>?<span style=\"font-size: 14.4px;\"><br><\/span><span style=\"font-size: 0.9em;\">Presidente: Dr. Jos\u00e9 Ricardo Lopes Filho &#8211; GO<br><\/span><span style=\"font-size: 0.9em;\">Conferencista: &nbsp;Dr. Olimpio Barbosa de Moraes Filho \u2013 PE<\/span><\/p>\n<\/td>\n<\/tr>\n<tr>\n<td width=\"121\">\n<p><strong>11h40 \u00e0s 13h00<\/strong><\/p>\n<\/td>\n<td width=\"456\">\n<p><b>MESA REDONDA: MEDICINA FETAL PARA O OBSTETRA<\/b><span style=\"font-size: 14.4px;\"><b><br><\/b><\/span><span style=\"font-size: 0.9em;\">Coordenador: Dr. Mohamed Kassen Saidah &#8211; GO<\/span><\/p>\n<p>Avalia\u00e7\u00e3o de anomalias fetais: Diagn\u00f3stico e manejo pr\u00e9-natal<span style=\"font-size: 14.4px;\"><br><\/span><span style=\"font-size: 0.9em;\">Dr. M\u00e1rio Henrique Burlaccini \u2013 SP<\/span><\/p>\n<p>Comunicando not\u00edcias dif\u00edceis<span style=\"font-size: 14.4px;\"><br>Dr\u00aa&nbsp;<\/span><span style=\"font-size: 0.9em;\">Danielle do Brasil \u2013 DF<\/span><\/p>\n<p>Exames Gen\u00e9ticos no rastreio e diagn\u00f3stico fetal<span style=\"font-size: 14.4px;\"><br><\/span><span style=\"font-size: 0.9em;\">Dr. M\u00e1rio Henrique Burlaccini \u2013 SP<br><br>Discuss\u00e3o<\/span><\/p>\n<\/td>\n<\/tr>\n<tr>\n<td width=\"121\">\n<p><strong>13h00 \u00e0s 14h00<\/strong><\/p>\n<\/td>\n<td width=\"456\">\n<p><b>SIMP\u00d3SIO SAT\u00c9LITE&nbsp;MARJAN<br><\/b><span style=\"font-size: 14.4px;\"><b>Probioticos espec\u00edficos como estrat\u00e9gia p\u00f3s antibi\u00f3ticos: redu\u00e7\u00e3o de recorr\u00eancia de vaginose bacteriana e candid\u00edase<\/b><br><\/span>Dr. Paulo Giraldo &#8211; SP<\/p>\n<\/td>\n<\/tr>\n<tr>\n<td width=\"121\">&nbsp;<\/td>\n<td width=\"456\">\n<p><b>MESA REDONDA: &nbsp;O IMPACTO DO DIAGN\u00d3STICO DE GRAVIDEZ DE ALTO RISCO NO SEGUIMENTO PR\u00c9-NATAL<\/b><span style=\"font-size: 14.4px;\"><b><br><\/b><\/span><span style=\"font-size: 0.9em;\">Coordenador: Dr. Marcelo Cupertino \u2013 GO<\/span><\/p>\n<p>S\u00edndromes Hipertensivas Gestacionais: Diagn\u00f3stico e manejo<span style=\"font-size: 14.4px;\"><br><\/span><span style=\"font-size: 0.9em;\">Dr. Henri Augusto Korkes \u2013 SP<\/span><\/p>\n<p>S\u00edndromes Hiperglic\u00eamicas na Gravidez: como conduzir?<span style=\"font-size: 14.4px;\"><br><\/span><span style=\"font-size: 0.9em;\">Dr\u00aa Evelyn Traina \u2013 SP<\/span><\/p>\n<p>Gesta\u00e7\u00e3o M\u00faltipla: Desafios e manejo<span style=\"font-size: 14.4px;\"><br><\/span><span style=\"font-size: 0.9em;\">Dr. Maur\u00edcio Saito \u2013 SP<\/span><\/p><p><span style=\"font-size: 0.9em;\">Discuss\u00e3o<\/span><\/p>\n<\/td>\n<\/tr>\n<tr>\n<td width=\"121\">\n<p><strong>15h20 \u00e0s 15h50<\/strong><\/p>\n<\/td>\n<td width=\"456\">\n<p><strong>INTERVALO<\/strong><\/p>\n<\/td>\n<\/tr>\n<tr>\n<td width=\"121\">\n<p><strong>15h50 \u00e0s 17h10<\/strong><\/p>\n<\/td>\n<td width=\"456\">\n<p>MESA REDONDA: Rastreamento e detec\u00e7\u00e3o precoce&nbsp;no pr\u00e9 natal<br><span style=\"font-size: 0.9em;\">Coordenadora: Dr\u00aa J\u00e9ssica Alencar \u2013 GO<\/span><\/p>\n<p>Ultrassonografia entre 7 e 10 Semanas Gestacionais: o que \u00e9 poss\u00edvel detectar?<span style=\"font-size: 14.4px;\"><br><\/span><span style=\"font-size: 0.9em;\">Dr. Reisson Serafim Cruz \u2013 GO<\/span><\/p>\n<p>Marcadores biof\u00edsicos e bioqu\u00edmicos PARA PREDI\u00c7\u00c3O DE pr\u00e9-ecl\u00e2mpsia?<span style=\"font-size: 14.4px;\"><br><\/span><span style=\"font-size: 0.9em;\">Dr. Evaldo Trajano &#8211; DF<\/span><\/p>\n<p>Conduta p\u00f3s predi\u00e7\u00e3o de risco para pr\u00e9 eclampsia no 1\u00ba trimestre<span style=\"font-size: 14.4px;\"><br><\/span><span style=\"font-size: 0.9em;\">Dr. Mohamed Kassen Saidah \u2013 GO<\/span><\/p><p><span style=\"font-size: 0.9em;\">Discuss\u00e3o<\/span><\/p>\n<\/td>\n<\/tr>\n<tr>\n<td width=\"121\">\n<p><br><\/p>\n<\/td>\n<td width=\"456\">\n<p><strong>&nbsp;<\/strong><\/p>\n<\/td>\n<\/tr>\n<\/tbody>\n<\/table><\/div>\n\t\t\t\t\t\t\t\t\t<div class=\"elementor-tab-title elementor-tab-mobile-title\" aria-selected=\"false\" data-tab=\"3\" role=\"tab\" tabindex=\"-1\" aria-controls=\"elementor-tab-content-2503\" aria-expanded=\"false\">S\u00e1bado, 04 de outubro<\/div>\n\t\t\t\t\t<div id=\"elementor-tab-content-2503\" class=\"elementor-tab-content elementor-clearfix\" data-tab=\"3\" role=\"tabpanel\" aria-labelledby=\"elementor-tab-title-2503\" tabindex=\"0\" hidden=\"hidden\"><table>\n<tbody>\n<tr>\n<td width=\"121\">\n<p><strong>08h00 \u00e0s 09h20<\/strong><\/p>\n<\/td>\n<td width=\"456\">\n<p><b>MESA REDONDA: Atualidades em Parto Prematuro<\/b><span style=\"font-size: 14.4px;\"><b><br><\/b><\/span><span style=\"font-size: 0.9em;\">Coordenador: Dr. Wilson Arantes &#8211; GO<\/span><\/p>\n<p>Rastreamento e Diagn\u00f3stico do Parto Pr\u00e9-Termo Espont\u00e2neo<span style=\"font-size: 14.4px;\"><br><\/span><span style=\"font-size: 0.9em;\">Dr. Evaldo Trajano &#8211; DF<\/span><\/p>\n<p>Preven\u00e7\u00e3o Secund\u00e1ria do Parto Pr\u00e9-Termo Espont\u00e2neo: Progesterona, pess\u00e1rio e cerclagem<span style=\"font-size: 14.4px;\"><br><\/span><span style=\"font-size: 0.9em;\">Dr. Javier Miguelez &#8211; SP<\/span><\/p>\n<p><\/p>\n<p>Preven\u00e7\u00e3o Terci\u00e1ria do Parto Pr\u00e9-Termo Espont\u00e2neo: Toc\u00f3lise, Corticosteroide e Sulfato de Magn\u00e9sio<span style=\"font-size: 14.4px;\"><br><\/span><span style=\"font-size: 0.9em;\">Dr\u00aa Luiza Emylce Pel\u00e1 Rosado \u2013 GO<br><br>Discuss\u00e3o<\/span><\/p>\n<\/td>\n<\/tr>\n<tr>\n<td width=\"121\">\n<p><strong>09h20 \u00e0s 10h40<\/strong><\/p>\n<\/td>\n<td width=\"456\">\n<p>MESA REDONDA: Cuidados pr\u00e9 concepcionais<span style=\"font-size: 14.4px;\"><br><\/span><span style=\"font-size: 0.9em;\">Coordenador: a confirmar<\/span><\/p>\n<p>Planejamento da Gravidez e Projeto para a Maternidade<span style=\"font-size: 14.4px;\"><br><\/span><span style=\"font-size: 0.9em;\">Dr\u00aa Ramylla Magalh\u00e3es &#8211; GO<\/span><\/p>\n<p>Tratamento da Obesidade e Outras Provid\u00eancias<span style=\"font-size: 14.4px;\"><br><\/span><span style=\"font-size: 0.9em;\">Dr. Paulo Prata &#8211; GO<\/span><\/p>\n<p><\/p>\n<p>Suplementa\u00e7\u00e3o de Vitaminas e Sais Minerais<span style=\"font-size: 14.4px;\"><br><\/span><span style=\"font-size: 0.9em;\">Dr. Henri Augusto Korkes \u2013 SP<\/span><\/p>\n<p><span style=\"font-size: 0.9em;\">Discuss\u00e3o<\/span><\/p>\n<\/td>\n<\/tr>\n<tr>\n<td width=\"121\">\n<p><strong>10h40 \u00e0s 11h00<\/strong><\/p>\n<\/td>\n<td width=\"456\">\n<p><strong>INTERVALO <\/strong><\/p>\n<\/td>\n<\/tr>\n<tr>\n<td width=\"121\">\n<p><strong>11h00 \u00e0s 12h20<\/strong><\/p>\n<\/td>\n<td width=\"456\">\n<p><b>MESA REDONDA: Boas pr\u00e1ticas na Perinatologia moderna<\/b><span style=\"font-size: 14.4px;\"><b><br><\/b><\/span><span style=\"font-size: 0.9em;\">Coordenador: Dr. Thiago Freire \u2013 GO<\/span><\/p>\n<p><\/p>\n<p>Sludge e colo curto: como conduzir<span style=\"font-size: 14.4px;\"><br><\/span><span style=\"font-size: 0.9em;\">Dr. Javier Miguelez \u2013 SP<\/span><\/p>\n<p>Rotura prematura das membranas: Abordagem cl\u00ednica e obst\u00e9trica<span style=\"font-size: 14.4px;\"><br><\/span><span style=\"font-size: 0.9em;\">Dr. Rui Gilberto Ferreira \u2013 GO<\/span><\/p>\n<p>Restri\u00e7\u00e3o de Crescimento Intrauterino: como conduzir?<span style=\"font-size: 14.4px;\"><br><\/span><span style=\"font-size: 0.9em;\">Dr. Waldemar Naves do Amaral \u2013 GO<\/span><\/p>\n<p><span style=\"font-size: 0.9em;\">Discuss\u00e3o<\/span><\/p>\n<\/td>\n<\/tr>\n<tr>\n<td width=\"121\">\n<p><strong>12h20<\/strong><\/p>\n<\/td>\n<td width=\"456\">\n<p><span style=\"font-weight: 700; font-size: 0.9em;\">Encerramento&nbsp; e Entrega de Pr\u00eamios dos Trabalhos Cient\u00edficos<\/span><\/p><p><span style=\"font-weight: 700;\">FEIJOADA NO CASA BELLA EVENTOS<\/span><br><span style=\"font-weight: 700;\">Avenida T-2 &#8211; Quadra 02 &#8211; Lote 39 &#8211; Setor Bueno&nbsp; (em frente ao Col\u00e9gio Bandeirantes).<\/span><\/p><div><span style=\"font-weight: 700;\"><br><\/span><\/div>\n<\/td>\n<\/tr>\n<\/tbody>\n<\/table>\n<p><br><\/p><\/div>\n\t\t\t\t\t\t\t<\/div>\n\t\t<\/div>\n\t\t\t\t\t\t<\/div>\n\t\t\t\t<\/div>\n\t\t\t\t\t<\/div>\n\t\t<\/div>\n\t\t\t\t\t<\/div>\n\t\t<\/section>\n\t\t\t\t<\/div>\n\t\t","protected":false},"excerpt":{"rendered":"<p>Quinta-feira, 02 de outubro Sexta-feira, 03 de outubro S\u00e1bado, 04 de outubro Quinta-feira, 02 de outubro 18h00 \u00e0s 18h30 SOLENIDADE DE ABERTURA OFICIAL 18h30 \u2013 19h30 SA\u00daDE DIGITAL APLICADA A GINECOLOGIA E OBSTETR\u00cdCIA Dr. Eduardo Cordioli \u2013 SP 19h30 Coquetel Sexta-feira, 03 de outubro 07h00 \u00e0s 08h00 ASSEMBL\u00c9IA GERAL ORDIN\u00c1RIA a) Presta\u00e7\u00e3o e aprova\u00e7\u00e3o de [&hellip;]<\/p>\n","protected":false},"author":1,"featured_media":0,"parent":0,"menu_order":0,"comment_status":"closed","ping_status":"closed","template":"elementor_header_footer","meta":{"footnotes":""},"class_list":["post-1007","page","type-page","status-publish","hentry"],"aioseo_notices":[],"_links":{"self":[{"href":"https:\/\/jornadasggo.com.br\/2025\/wp-json\/wp\/v2\/pages\/1007","targetHints":{"allow":["GET"]}}],"collection":[{"href":"https:\/\/jornadasggo.com.br\/2025\/wp-json\/wp\/v2\/pages"}],"about":[{"href":"https:\/\/jornadasggo.com.br\/2025\/wp-json\/wp\/v2\/types\/page"}],"author":[{"embeddable":true,"href":"https:\/\/jornadasggo.com.br\/2025\/wp-json\/wp\/v2\/users\/1"}],"replies":[{"embeddable":true,"href":"https:\/\/jornadasggo.com.br\/2025\/wp-json\/wp\/v2\/comments?post=1007"}],"version-history":[{"count":259,"href":"https:\/\/jornadasggo.com.br\/2025\/wp-json\/wp\/v2\/pages\/1007\/revisions"}],"predecessor-version":[{"id":2722,"href":"https:\/\/jornadasggo.com.br\/2025\/wp-json\/wp\/v2\/pages\/1007\/revisions\/2722"}],"wp:attachment":[{"href":"https:\/\/jornadasggo.com.br\/2025\/wp-json\/wp\/v2\/media?parent=1007"}],"curies":[{"name":"wp","href":"https:\/\/api.w.org\/{rel}","templated":true}]}}